{"id":8321,"date":"2026-04-22T20:21:00","date_gmt":"2026-04-22T20:21:00","guid":{"rendered":"https:\/\/achtsam-gelassen.at\/?post_type=product&#038;p=8321"},"modified":"2026-04-22T20:31:44","modified_gmt":"2026-04-22T20:31:44","slug":"5er-begleitung-schritt-fuer-schritt-mehr-stabilitaet","status":"publish","type":"product","link":"https:\/\/achtsam-gelassen.at\/index.php\/produkt\/5er-begleitung-schritt-fuer-schritt-mehr-stabilitaet\/","title":{"rendered":"5er Begleitung \u2013 Schritt f\u00fcr Schritt mehr Stabilit\u00e4t"},"content":{"rendered":"<p>F\u00fcr Frauen, die ihre Themen nachhaltiger ver\u00e4ndern m\u00f6chten.<br \/>\n\u2013 \u00c4ngste besser verstehen<br \/>\n\u2013 Stress regulieren<br \/>\n\u2013 Selbstvertrauen aufbauen<br \/>\n\u2013 neue Strategien im Alltag<\/p>\n","protected":false},"excerpt":{"rendered":"<p>F\u00fcr Frauen, die ihre Themen nachhaltiger ver\u00e4ndern m\u00f6chten.<br \/>\n\u2013 \u00c4ngste besser verstehen<br \/>\n\u2013 Stress regulieren<br \/>\n\u2013 Selbstvertrauen aufbauen<br \/>\n\u2013 neue Strategien im Alltag<\/p>\n","protected":false},"featured_media":8325,"template":"","meta":[],"product_brand":[],"product_cat":[49],"product_tag":[],"class_list":{"0":"post-8321","1":"product","2":"type-product","3":"status-publish","4":"has-post-thumbnail","6":"product_cat-gruppenmeditation","8":"first","9":"instock","10":"taxable","11":"shipping-taxable","12":"purchasable","13":"product-type-simple"},"_links":{"self":[{"href":"https:\/\/achtsam-gelassen.at\/index.php\/wp-json\/wp\/v2\/product\/8321","targetHints":{"allow":["GET"]}}],"collection":[{"href":"https:\/\/achtsam-gelassen.at\/index.php\/wp-json\/wp\/v2\/product"}],"about":[{"href":"https:\/\/achtsam-gelassen.at\/index.php\/wp-json\/wp\/v2\/types\/product"}],"wp:featuredmedia":[{"embeddable":true,"href":"https:\/\/achtsam-gelassen.at\/index.php\/wp-json\/wp\/v2\/media\/8325"}],"wp:attachment":[{"href":"https:\/\/achtsam-gelassen.at\/index.php\/wp-json\/wp\/v2\/media?parent=8321"}],"wp:term":[{"taxonomy":"product_brand","embeddable":true,"href":"https:\/\/achtsam-gelassen.at\/index.php\/wp-json\/wp\/v2\/product_brand?post=8321"},{"taxonomy":"product_cat","embeddable":true,"href":"https:\/\/achtsam-gelassen.at\/index.php\/wp-json\/wp\/v2\/product_cat?post=8321"},{"taxonomy":"product_tag","embeddable":true,"href":"https:\/\/achtsam-gelassen.at\/index.php\/wp-json\/wp\/v2\/product_tag?post=8321"}],"curies":[{"name":"wp","href":"https:\/\/api.w.org\/{rel}","templated":true}]}}