{"id":8328,"date":"2026-04-22T20:32:10","date_gmt":"2026-04-22T20:32:10","guid":{"rendered":"https:\/\/achtsam-gelassen.at\/?post_type=product&#038;p=8328"},"modified":"2026-04-22T20:32:59","modified_gmt":"2026-04-22T20:32:59","slug":"unterstuetzung-fuer-kinder","status":"publish","type":"product","link":"https:\/\/achtsam-gelassen.at\/index.php\/produkt\/unterstuetzung-fuer-kinder\/","title":{"rendered":"Unterst\u00fctzung f\u00fcr Kinder"},"content":{"rendered":"<p>Auch Kinder erleben \u00c4ngste, Unsicherheit oder innere Anspannung.<br \/>\nIch begleite Kinder dabei:<br \/>\n\u2013 \u00c4ngste zu bew\u00e4ltigen<br \/>\n\u2013 Lernblockaden zu l\u00f6sen<br \/>\n\u2013 mehr Selbstvertrauen aufzubauen<br \/>\n\u2013 innere Ruhe zu entwickeln<\/p>\n","protected":false},"excerpt":{"rendered":"<p>Auch Kinder erleben \u00c4ngste, Unsicherheit oder innere Anspannung.<br \/>\nIch begleite Kinder dabei:<br \/>\n\u2013 \u00c4ngste zu bew\u00e4ltigen<br \/>\n\u2013 Lernblockaden zu l\u00f6sen<br \/>\n\u2013 mehr Selbstvertrauen aufzubauen<br \/>\n\u2013 innere Ruhe zu entwickeln<\/p>\n","protected":false},"featured_media":8327,"template":"","meta":[],"product_brand":[],"product_cat":[49],"product_tag":[],"class_list":{"0":"post-8328","1":"product","2":"type-product","3":"status-publish","4":"has-post-thumbnail","6":"product_cat-gruppenmeditation","8":"first","9":"outofstock","10":"taxable","11":"shipping-taxable","12":"purchasable","13":"product-type-simple"},"_links":{"self":[{"href":"https:\/\/achtsam-gelassen.at\/index.php\/wp-json\/wp\/v2\/product\/8328","targetHints":{"allow":["GET"]}}],"collection":[{"href":"https:\/\/achtsam-gelassen.at\/index.php\/wp-json\/wp\/v2\/product"}],"about":[{"href":"https:\/\/achtsam-gelassen.at\/index.php\/wp-json\/wp\/v2\/types\/product"}],"wp:featuredmedia":[{"embeddable":true,"href":"https:\/\/achtsam-gelassen.at\/index.php\/wp-json\/wp\/v2\/media\/8327"}],"wp:attachment":[{"href":"https:\/\/achtsam-gelassen.at\/index.php\/wp-json\/wp\/v2\/media?parent=8328"}],"wp:term":[{"taxonomy":"product_brand","embeddable":true,"href":"https:\/\/achtsam-gelassen.at\/index.php\/wp-json\/wp\/v2\/product_brand?post=8328"},{"taxonomy":"product_cat","embeddable":true,"href":"https:\/\/achtsam-gelassen.at\/index.php\/wp-json\/wp\/v2\/product_cat?post=8328"},{"taxonomy":"product_tag","embeddable":true,"href":"https:\/\/achtsam-gelassen.at\/index.php\/wp-json\/wp\/v2\/product_tag?post=8328"}],"curies":[{"name":"wp","href":"https:\/\/api.w.org\/{rel}","templated":true}]}}